{"id":2126,"date":"2020-04-28T13:00:08","date_gmt":"2020-04-28T11:00:08","guid":{"rendered":"https:\/\/www.unissur.com\/?page_id=2126"},"modified":"2020-04-28T13:00:08","modified_gmt":"2020-04-28T11:00:08","slug":"transport-et-logistique","status":"publish","type":"page","link":"https:\/\/www.unissur.com\/index.php\/secteurs-activites\/transport-et-logistique\/","title":{"rendered":"Transport et logistique"},"content":{"rendered":"\n<p class=\"has-medium-font-size\"><strong>Un secteur d\u2019activit\u00e9 mondial. Nos sp\u00e9cialistes du secteur du transport vont au-del\u00e0 du cadre des assurances pour concevoir des solutions qui vous permettent de mieux g\u00e9rer vos risques, tout en les r\u00e9duisant.<\/strong><\/p>\n\n\n\n<p>Des prestataires logistiques aux compagnies a\u00e9riennes en passant par des op\u00e9rateurs de fret ferroviaire et les constructeurs automobiles, l\u2019industrie du transport se distingue par son dynamisme, mais \u00e9galement par un large \u00e9ventail d\u2019exposition aux risques.<\/p>\n\n\n\n<p>P\u00e9nurie de main-d\u2019\u0153uvre, difficult\u00e9s \u00e0 fid\u00e9liser le personnel, risques li\u00e9s \u00e0 la r\u00e9glementation, concurrence : ces menaces, parmi d\u2019autres, peuvent gravement affecter la rentabilit\u00e9 de votre entreprise et perturber sa croissance. La r\u00e9ussite de certaines soci\u00e9t\u00e9s de transport d\u00e9pend de l\u2019efficacit\u00e9 avec laquelle elles g\u00e8rent et ma\u00eetrisent les risques et les co\u00fbts associ\u00e9s pour rester comp\u00e9titives.<\/p>\n\n\n\n<p>C\u2019est avec vos d\u00e9fis \u00e0 l\u2019esprit que Unissur fournit des services qui vont au-del\u00e0 des assurances et offre une solution int\u00e9grale de gestion des risques financiers et des risques li\u00e9s au personnel.<\/p>\n\n\n\n<p>Gr\u00e2ce \u00e0 des donn\u00e9es et des outils d\u2019analyse et de mod\u00e9lisation pr\u00e9dictive \u00e0 la pointe du secteur, vous avez les moyens de comprendre les risques auxquels vous \u00eates expos\u00e9s et les strat\u00e9gies qui permettent de les g\u00e9rer. Le service Transport de Unissur s\u2019appuie sur toute une gamme de technologies prim\u00e9es, d\u2019outils d\u2019\u00e9valuation et d\u2019analyse du risque et de donn\u00e9es de benchmarking qui nous permettent d\u2019offrir \u00e0 nos clients des orientations claires et des solutions qui sont le fruit d\u2019un travail assidu.<\/p>\n\n\n\n<p>Les services de Unissur incluent : la conception et le placement de programmes d\u2019assurance \u2014 cr\u00e9\u00e9s sur mesure pour garantir la rentabilit\u00e9 de nos solutions de transfert de risques ; le financement des risques \u2014 pour trouver l\u2019\u00e9quilibre optimal entre conservation et transfert des risques ; la couverture des risques li\u00e9s au personnel \u2014 pour permettre des r\u00e9ductions significatives des d\u00e9penses directes et indirectes d\u00e9coulant des accidents du travail, de l\u2019absent\u00e9isme et du d\u00e9part des employ\u00e9s ; la gestion des flottes et les services de r\u00e9clamation \u2013 en int\u00e9grant diff\u00e9rents services de traitement des sinistres et de d\u00e9fense, qui vous aident \u00e0 r\u00e9duire les co\u00fbts et am\u00e9liorer l\u2019efficacit\u00e9.<\/p>\n\n\n\n<p>Cet ensemble de services apporte une compr\u00e9hension globale des difficult\u00e9s auxquelles l\u2019industrie du transport fait face, nous permettant de concevoir des solutions de gestion des risques innovantes destin\u00e9es \u00e0 prot\u00e9ger votre bilan, optimiser vos op\u00e9rations, am\u00e9liorer la stabilit\u00e9 de votre entreprise et ma\u00eetriser votre co\u00fbt total du risque.<\/p>\n\n\n\n<div class=\"wp-block-buttons aligncenter is-layout-flex wp-block-buttons-is-layout-flex\">\n<div class=\"wp-block-button\"><a class=\"wp-block-button__link\" href=\"https:\/\/www.unissur.com\/index.php\/contact\/\">Contacter un conseiller<\/a><\/div>\n<\/div>\n\n\n\n<p><\/p>\n","protected":false},"excerpt":{"rendered":"<p>Un secteur d\u2019activit\u00e9 mondial. Nos sp\u00e9cialistes du secteur du transport vont au-del\u00e0 du cadre des assurances pour concevoir des solutions qui vous permettent de mieux g\u00e9rer vos risques, tout en les r\u00e9duisant. Des prestataires logistiques aux compagnies a\u00e9riennes en passant par des op\u00e9rateurs de fret ferroviaire et les constructeurs automobiles, l\u2019industrie du transport se distingue [&hellip;]<\/p>\n","protected":false},"author":1,"featured_media":2127,"parent":1247,"menu_order":20,"comment_status":"closed","ping_status":"closed","template":"","meta":{"footnotes":""},"class_list":["post-2126","page","type-page","status-publish","has-post-thumbnail","hentry"],"_links":{"self":[{"href":"https:\/\/www.unissur.com\/index.php\/wp-json\/wp\/v2\/pages\/2126","targetHints":{"allow":["GET"]}}],"collection":[{"href":"https:\/\/www.unissur.com\/index.php\/wp-json\/wp\/v2\/pages"}],"about":[{"href":"https:\/\/www.unissur.com\/index.php\/wp-json\/wp\/v2\/types\/page"}],"author":[{"embeddable":true,"href":"https:\/\/www.unissur.com\/index.php\/wp-json\/wp\/v2\/users\/1"}],"replies":[{"embeddable":true,"href":"https:\/\/www.unissur.com\/index.php\/wp-json\/wp\/v2\/comments?post=2126"}],"version-history":[{"count":1,"href":"https:\/\/www.unissur.com\/index.php\/wp-json\/wp\/v2\/pages\/2126\/revisions"}],"predecessor-version":[{"id":2128,"href":"https:\/\/www.unissur.com\/index.php\/wp-json\/wp\/v2\/pages\/2126\/revisions\/2128"}],"up":[{"embeddable":true,"href":"https:\/\/www.unissur.com\/index.php\/wp-json\/wp\/v2\/pages\/1247"}],"wp:featuredmedia":[{"embeddable":true,"href":"https:\/\/www.unissur.com\/index.php\/wp-json\/wp\/v2\/media\/2127"}],"wp:attachment":[{"href":"https:\/\/www.unissur.com\/index.php\/wp-json\/wp\/v2\/media?parent=2126"}],"curies":[{"name":"wp","href":"https:\/\/api.w.org\/{rel}","templated":true}]}}